{"id":86,"date":"2026-03-11T17:10:03","date_gmt":"2026-03-11T16:10:03","guid":{"rendered":"https:\/\/tetraox.com\/?page_id=86"},"modified":"2026-03-11T18:38:38","modified_gmt":"2026-03-11T17:38:38","slug":"projets-et-experiences","status":"publish","type":"page","link":"https:\/\/tetraox.com\/index.php\/projets-et-experiences\/","title":{"rendered":"Projets et exp\u00e9riences"},"content":{"rendered":"<style>.kb-row-layout-id86_3ae2c5-c9 > .kt-row-column-wrap{align-content:start;}:where(.kb-row-layout-id86_3ae2c5-c9 > .kt-row-column-wrap) > .wp-block-kadence-column{justify-content:start;}.kb-row-layout-id86_3ae2c5-c9 > .kt-row-column-wrap{column-gap:var(--global-kb-gap-md, 2rem);row-gap:var(--global-kb-gap-md, 2rem);padding-top:var(--global-kb-spacing-sm, 1.5rem);padding-right:var(--global-kb-spacing-sm, 1.5rem);padding-bottom:var(--global-kb-spacing-sm, 1.5rem);padding-left:var(--global-kb-spacing-sm, 1.5rem);grid-template-columns:minmax(0, 1fr);}.kb-row-layout-id86_3ae2c5-c9 > .kt-row-layout-overlay{opacity:0.30;}@media all and (max-width: 1024px){.kb-row-layout-id86_3ae2c5-c9 > .kt-row-column-wrap{grid-template-columns:minmax(0, 1fr);}}@media all and (max-width: 767px){.kb-row-layout-id86_3ae2c5-c9 > .kt-row-column-wrap{grid-template-columns:minmax(0, 1fr);}}<\/style><div class=\"kb-row-layout-wrap kb-row-layout-id86_3ae2c5-c9 alignnone tx-bg-main wp-block-kadence-rowlayout\"><div class=\"kt-row-column-wrap kt-has-1-columns kt-row-layout-equal kt-tab-layout-inherit kt-mobile-layout-row kt-row-valign-top\">\n<style>.kadence-column86_9f5cbe-76 > .kt-inside-inner-col,.kadence-column86_9f5cbe-76 > .kt-inside-inner-col:before{border-top-left-radius:0px;border-top-right-radius:0px;border-bottom-right-radius:0px;border-bottom-left-radius:0px;}.kadence-column86_9f5cbe-76 > .kt-inside-inner-col{column-gap:var(--global-kb-gap-sm, 1rem);}.kadence-column86_9f5cbe-76 > .kt-inside-inner-col{flex-direction:column;}.kadence-column86_9f5cbe-76 > .kt-inside-inner-col > .aligncenter{width:100%;}.kadence-column86_9f5cbe-76 > .kt-inside-inner-col:before{opacity:0.3;}.kadence-column86_9f5cbe-76{position:relative;}@media all and (max-width: 1024px){.kadence-column86_9f5cbe-76 > .kt-inside-inner-col{flex-direction:column;justify-content:center;}}@media all and (max-width: 767px){.kadence-column86_9f5cbe-76 > .kt-inside-inner-col{flex-direction:column;justify-content:center;}}<\/style>\n<div class=\"wp-block-kadence-column kadence-column86_9f5cbe-76\"><div class=\"kt-inside-inner-col\"><style>.wp-block-kadence-advancedheading.kt-adv-heading86_c158de-90, .wp-block-kadence-advancedheading.kt-adv-heading86_c158de-90[data-kb-block=\"kb-adv-heading86_c158de-90\"]{font-style:normal;}.wp-block-kadence-advancedheading.kt-adv-heading86_c158de-90 mark.kt-highlight, .wp-block-kadence-advancedheading.kt-adv-heading86_c158de-90[data-kb-block=\"kb-adv-heading86_c158de-90\"] mark.kt-highlight{font-style:normal;color:#f76a0c;-webkit-box-decoration-break:clone;box-decoration-break:clone;padding-top:0px;padding-right:0px;padding-bottom:0px;padding-left:0px;}.wp-block-kadence-advancedheading.kt-adv-heading86_c158de-90 img.kb-inline-image, .wp-block-kadence-advancedheading.kt-adv-heading86_c158de-90[data-kb-block=\"kb-adv-heading86_c158de-90\"] img.kb-inline-image{width:150px;vertical-align:baseline;}<\/style>\n<h6 class=\"kt-adv-heading86_c158de-90 tx-label wp-block-kadence-advancedheading\" data-kb-block=\"kb-adv-heading86_c158de-90\">\/\/ projets &amp; exp\u00e9riences<\/h6>\n\n\n<style>.wp-block-kadence-advancedheading.kt-adv-heading86_fc8b1e-bb, .wp-block-kadence-advancedheading.kt-adv-heading86_fc8b1e-bb[data-kb-block=\"kb-adv-heading86_fc8b1e-bb\"]{font-style:normal;}.wp-block-kadence-advancedheading.kt-adv-heading86_fc8b1e-bb mark.kt-highlight, .wp-block-kadence-advancedheading.kt-adv-heading86_fc8b1e-bb[data-kb-block=\"kb-adv-heading86_fc8b1e-bb\"] mark.kt-highlight{font-style:normal;color:#f76a0c;-webkit-box-decoration-break:clone;box-decoration-break:clone;padding-top:0px;padding-right:0px;padding-bottom:0px;padding-left:0px;}.wp-block-kadence-advancedheading.kt-adv-heading86_fc8b1e-bb img.kb-inline-image, .wp-block-kadence-advancedheading.kt-adv-heading86_fc8b1e-bb[data-kb-block=\"kb-adv-heading86_fc8b1e-bb\"] img.kb-inline-image{width:150px;vertical-align:baseline;}<\/style>\n<h2 class=\"kt-adv-heading86_fc8b1e-bb wp-block-kadence-advancedheading\" data-kb-block=\"kb-adv-heading86_fc8b1e-bb\">Des interventions concr\u00e8tes, adapt\u00e9es aux contextes<\/h2>\n\n\n<style>.wp-block-kadence-advancedheading.kt-adv-heading86_06f14b-a1, .wp-block-kadence-advancedheading.kt-adv-heading86_06f14b-a1[data-kb-block=\"kb-adv-heading86_06f14b-a1\"]{font-style:normal;}.wp-block-kadence-advancedheading.kt-adv-heading86_06f14b-a1 mark.kt-highlight, .wp-block-kadence-advancedheading.kt-adv-heading86_06f14b-a1[data-kb-block=\"kb-adv-heading86_06f14b-a1\"] mark.kt-highlight{font-style:normal;color:#f76a0c;-webkit-box-decoration-break:clone;box-decoration-break:clone;padding-top:0px;padding-right:0px;padding-bottom:0px;padding-left:0px;}.wp-block-kadence-advancedheading.kt-adv-heading86_06f14b-a1 img.kb-inline-image, .wp-block-kadence-advancedheading.kt-adv-heading86_06f14b-a1[data-kb-block=\"kb-adv-heading86_06f14b-a1\"] img.kb-inline-image{width:150px;vertical-align:baseline;}<\/style>\n<p class=\"kt-adv-heading86_06f14b-a1 wp-block-kadence-advancedheading\" data-kb-block=\"kb-adv-heading86_06f14b-a1\">Les projets pr\u00e9sent\u00e9s sont volontairement anonymis\u00e9s. Ils illustrent des situations typiques rencontr\u00e9es sur le terrain.<\/p>\n\n\n<style>.kb-row-layout-id86_1b6552-12 > .kt-row-column-wrap{align-content:start;}:where(.kb-row-layout-id86_1b6552-12 > .kt-row-column-wrap) > .wp-block-kadence-column{justify-content:start;}.kb-row-layout-id86_1b6552-12 > .kt-row-column-wrap{column-gap:var(--global-kb-gap-md, 2rem);row-gap:var(--global-kb-gap-md, 2rem);padding-top:var(--global-kb-spacing-sm, 1.5rem);padding-bottom:var(--global-kb-spacing-sm, 1.5rem);grid-template-columns:minmax(0, 1fr);}.kb-row-layout-id86_1b6552-12 > .kt-row-layout-overlay{opacity:0.30;}@media all and (max-width: 1024px){.kb-row-layout-id86_1b6552-12 > .kt-row-column-wrap{grid-template-columns:minmax(0, 1fr);}}@media all and (max-width: 767px){.kb-row-layout-id86_1b6552-12 > .kt-row-column-wrap{grid-template-columns:minmax(0, 1fr);}}<\/style><div class=\"kb-row-layout-wrap kb-row-layout-id86_1b6552-12 alignnone tx-sectors wp-block-kadence-rowlayout\"><div class=\"kt-row-column-wrap kt-has-1-columns kt-row-layout-equal kt-tab-layout-inherit kt-mobile-layout-row kt-row-valign-top\">\n<style>.kadence-column86_d826c9-f5 > .kt-inside-inner-col,.kadence-column86_d826c9-f5 > .kt-inside-inner-col:before{border-top-left-radius:0px;border-top-right-radius:0px;border-bottom-right-radius:0px;border-bottom-left-radius:0px;}.kadence-column86_d826c9-f5 > .kt-inside-inner-col{column-gap:var(--global-kb-gap-sm, 1rem);}.kadence-column86_d826c9-f5 > .kt-inside-inner-col{flex-direction:column;}.kadence-column86_d826c9-f5 > .kt-inside-inner-col > .aligncenter{width:100%;}.kadence-column86_d826c9-f5 > .kt-inside-inner-col:before{opacity:0.3;}.kadence-column86_d826c9-f5{position:relative;}@media all and (max-width: 1024px){.kadence-column86_d826c9-f5 > .kt-inside-inner-col{flex-direction:column;justify-content:center;}}@media all and (max-width: 767px){.kadence-column86_d826c9-f5 > .kt-inside-inner-col{flex-direction:column;justify-content:center;}}<\/style>\n<div class=\"wp-block-kadence-column kadence-column86_d826c9-f5\"><div class=\"kt-inside-inner-col\"><style>.wp-block-kadence-advancedheading.kt-adv-heading86_7a694e-5b, .wp-block-kadence-advancedheading.kt-adv-heading86_7a694e-5b[data-kb-block=\"kb-adv-heading86_7a694e-5b\"]{font-style:normal;}.wp-block-kadence-advancedheading.kt-adv-heading86_7a694e-5b mark.kt-highlight, .wp-block-kadence-advancedheading.kt-adv-heading86_7a694e-5b[data-kb-block=\"kb-adv-heading86_7a694e-5b\"] mark.kt-highlight{font-style:normal;color:#f76a0c;-webkit-box-decoration-break:clone;box-decoration-break:clone;padding-top:0px;padding-right:0px;padding-bottom:0px;padding-left:0px;}.wp-block-kadence-advancedheading.kt-adv-heading86_7a694e-5b img.kb-inline-image, .wp-block-kadence-advancedheading.kt-adv-heading86_7a694e-5b[data-kb-block=\"kb-adv-heading86_7a694e-5b\"] img.kb-inline-image{width:150px;vertical-align:baseline;}<\/style>\n<p class=\"kt-adv-heading86_7a694e-5b wp-block-kadence-advancedheading\" data-kb-block=\"kb-adv-heading86_7a694e-5b\"><strong>Secteurs d&rsquo;intervention :<\/strong> Grands chantiers b\u00e2timent et g\u00e9nie civil \u00b7 Industrie pharmaceutique \u00b7 Agro-alimentaire \u00b7 Sid\u00e9rurgie et chimie \u00b7 Administrations publiques \u00b7 Enseignement<\/p>\n<\/div><\/div>\n\n<\/div><\/div><\/div><\/div>\n\n<\/div><\/div>\n\n<style>.kb-row-layout-id86_e48725-01 > .kt-row-column-wrap{align-content:start;}:where(.kb-row-layout-id86_e48725-01 > .kt-row-column-wrap) > .wp-block-kadence-column{justify-content:start;}.kb-row-layout-id86_e48725-01 > .kt-row-column-wrap{column-gap:var(--global-kb-gap-md, 2rem);row-gap:var(--global-kb-gap-md, 2rem);padding-top:var(--global-kb-spacing-sm, 1.5rem);padding-right:var(--global-kb-spacing-sm, 1.5rem);padding-bottom:var(--global-kb-spacing-sm, 1.5rem);padding-left:var(--global-kb-spacing-sm, 1.5rem);grid-template-columns:repeat(2, minmax(0, 1fr));}.kb-row-layout-id86_e48725-01 > .kt-row-layout-overlay{opacity:0.30;}@media all and (max-width: 1024px){.kb-row-layout-id86_e48725-01 > .kt-row-column-wrap{grid-template-columns:repeat(2, minmax(0, 1fr));}}@media all and (max-width: 767px){.kb-row-layout-id86_e48725-01 > .kt-row-column-wrap{grid-template-columns:minmax(0, 1fr);}}<\/style><div class=\"kb-row-layout-wrap kb-row-layout-id86_e48725-01 alignnone wp-block-kadence-rowlayout\"><div class=\"kt-row-column-wrap kt-has-2-columns kt-row-layout-equal kt-tab-layout-inherit kt-mobile-layout-row kt-row-valign-top\">\n<style>.kadence-column86_3bd06f-b3 > .kt-inside-inner-col,.kadence-column86_3bd06f-b3 > .kt-inside-inner-col:before{border-top-left-radius:0px;border-top-right-radius:0px;border-bottom-right-radius:0px;border-bottom-left-radius:0px;}.kadence-column86_3bd06f-b3 > .kt-inside-inner-col{column-gap:var(--global-kb-gap-sm, 1rem);}.kadence-column86_3bd06f-b3 > .kt-inside-inner-col{flex-direction:column;}.kadence-column86_3bd06f-b3 > .kt-inside-inner-col > .aligncenter{width:100%;}.kadence-column86_3bd06f-b3 > .kt-inside-inner-col:before{opacity:0.3;}.kadence-column86_3bd06f-b3{position:relative;}@media all and (max-width: 1024px){.kadence-column86_3bd06f-b3 > .kt-inside-inner-col{flex-direction:column;justify-content:center;}}@media all and (max-width: 767px){.kadence-column86_3bd06f-b3 > .kt-inside-inner-col{flex-direction:column;justify-content:center;}}<\/style>\n<div class=\"wp-block-kadence-column kadence-column86_3bd06f-b3 tx-case\"><div class=\"kt-inside-inner-col\"><style>.wp-block-kadence-advancedheading.kt-adv-heading86_02753c-29, .wp-block-kadence-advancedheading.kt-adv-heading86_02753c-29[data-kb-block=\"kb-adv-heading86_02753c-29\"]{font-style:normal;}.wp-block-kadence-advancedheading.kt-adv-heading86_02753c-29 mark.kt-highlight, .wp-block-kadence-advancedheading.kt-adv-heading86_02753c-29[data-kb-block=\"kb-adv-heading86_02753c-29\"] mark.kt-highlight{font-style:normal;color:#f76a0c;-webkit-box-decoration-break:clone;box-decoration-break:clone;padding-top:0px;padding-right:0px;padding-bottom:0px;padding-left:0px;}.wp-block-kadence-advancedheading.kt-adv-heading86_02753c-29 img.kb-inline-image, .wp-block-kadence-advancedheading.kt-adv-heading86_02753c-29[data-kb-block=\"kb-adv-heading86_02753c-29\"] img.kb-inline-image{width:150px;vertical-align:baseline;}<\/style>\n<h6 class=\"kt-adv-heading86_02753c-29 tx-case-tag wp-block-kadence-advancedheading\" data-kb-block=\"kb-adv-heading86_02753c-29\">Pr\u00e9vention multi-contextes<\/h6>\n\n\n<style>.wp-block-kadence-advancedheading.kt-adv-heading86_ef7293-04, .wp-block-kadence-advancedheading.kt-adv-heading86_ef7293-04[data-kb-block=\"kb-adv-heading86_ef7293-04\"]{font-style:normal;}.wp-block-kadence-advancedheading.kt-adv-heading86_ef7293-04 mark.kt-highlight, .wp-block-kadence-advancedheading.kt-adv-heading86_ef7293-04[data-kb-block=\"kb-adv-heading86_ef7293-04\"] mark.kt-highlight{font-style:normal;color:#f76a0c;-webkit-box-decoration-break:clone;box-decoration-break:clone;padding-top:0px;padding-right:0px;padding-bottom:0px;padding-left:0px;}.wp-block-kadence-advancedheading.kt-adv-heading86_ef7293-04 img.kb-inline-image, .wp-block-kadence-advancedheading.kt-adv-heading86_ef7293-04[data-kb-block=\"kb-adv-heading86_ef7293-04\"] img.kb-inline-image{width:150px;vertical-align:baseline;}<\/style>\n<h4 class=\"kt-adv-heading86_ef7293-04 wp-block-kadence-advancedheading\" data-kb-block=\"kb-adv-heading86_ef7293-04\">Relance d&rsquo;une dynamique de pr\u00e9vention dans un groupe industriel<\/h4>\n\n\n\n<p><strong>Contexte<\/strong> \u2014 Groupe industriel multi-sites confront\u00e9 \u00e0 une stagnation des indicateurs de pr\u00e9vention malgr\u00e9 un dispositif structur\u00e9.<\/p>\n\n\n\n<p><strong>Approche<\/strong> \u2014 Diagnostic terrain, identification des \u00e9carts entre prescrit et r\u00e9el, ateliers participatifs avec l&rsquo;encadrement interm\u00e9diaire.<\/p>\n\n\n\n<p><strong>R\u00e9sultat<\/strong> \u2014 Relance d&rsquo;une dynamique ancr\u00e9e dans les pratiques quotidiennes, appropriation par la ligne hi\u00e9rarchique.<\/p>\n<\/div><\/div>\n\n\n<style>.kadence-column86_fc3344-fe > .kt-inside-inner-col,.kadence-column86_fc3344-fe > .kt-inside-inner-col:before{border-top-left-radius:0px;border-top-right-radius:0px;border-bottom-right-radius:0px;border-bottom-left-radius:0px;}.kadence-column86_fc3344-fe > .kt-inside-inner-col{column-gap:var(--global-kb-gap-sm, 1rem);}.kadence-column86_fc3344-fe > .kt-inside-inner-col{flex-direction:column;}.kadence-column86_fc3344-fe > .kt-inside-inner-col > .aligncenter{width:100%;}.kadence-column86_fc3344-fe > .kt-inside-inner-col:before{opacity:0.3;}.kadence-column86_fc3344-fe{position:relative;}@media all and (max-width: 1024px){.kadence-column86_fc3344-fe > .kt-inside-inner-col{flex-direction:column;justify-content:center;}}@media all and (max-width: 767px){.kadence-column86_fc3344-fe > .kt-inside-inner-col{flex-direction:column;justify-content:center;}}<\/style>\n<div class=\"wp-block-kadence-column kadence-column86_fc3344-fe tx-case tx-case-2\"><div class=\"kt-inside-inner-col\"><style>.wp-block-kadence-advancedheading.kt-adv-heading86_3caf3c-48, .wp-block-kadence-advancedheading.kt-adv-heading86_3caf3c-48[data-kb-block=\"kb-adv-heading86_3caf3c-48\"]{font-style:normal;}.wp-block-kadence-advancedheading.kt-adv-heading86_3caf3c-48 mark.kt-highlight, .wp-block-kadence-advancedheading.kt-adv-heading86_3caf3c-48[data-kb-block=\"kb-adv-heading86_3caf3c-48\"] mark.kt-highlight{font-style:normal;color:#f76a0c;-webkit-box-decoration-break:clone;box-decoration-break:clone;padding-top:0px;padding-right:0px;padding-bottom:0px;padding-left:0px;}.wp-block-kadence-advancedheading.kt-adv-heading86_3caf3c-48 img.kb-inline-image, .wp-block-kadence-advancedheading.kt-adv-heading86_3caf3c-48[data-kb-block=\"kb-adv-heading86_3caf3c-48\"] img.kb-inline-image{width:150px;vertical-align:baseline;}<\/style>\n<h6 class=\"kt-adv-heading86_3caf3c-48 tx-case-tag wp-block-kadence-advancedheading\" data-kb-block=\"kb-adv-heading86_3caf3c-48\">Culture de s\u00e9curit\u00e9<\/h6>\n\n\n<style>.wp-block-kadence-advancedheading.kt-adv-heading86_0f6836-26, .wp-block-kadence-advancedheading.kt-adv-heading86_0f6836-26[data-kb-block=\"kb-adv-heading86_0f6836-26\"]{font-style:normal;}.wp-block-kadence-advancedheading.kt-adv-heading86_0f6836-26 mark.kt-highlight, .wp-block-kadence-advancedheading.kt-adv-heading86_0f6836-26[data-kb-block=\"kb-adv-heading86_0f6836-26\"] mark.kt-highlight{font-style:normal;color:#f76a0c;-webkit-box-decoration-break:clone;box-decoration-break:clone;padding-top:0px;padding-right:0px;padding-bottom:0px;padding-left:0px;}.wp-block-kadence-advancedheading.kt-adv-heading86_0f6836-26 img.kb-inline-image, .wp-block-kadence-advancedheading.kt-adv-heading86_0f6836-26[data-kb-block=\"kb-adv-heading86_0f6836-26\"] img.kb-inline-image{width:150px;vertical-align:baseline;}<\/style>\n<h4 class=\"kt-adv-heading86_0f6836-26 wp-block-kadence-advancedheading\" data-kb-block=\"kb-adv-heading86_0f6836-26\">\u00c9volution des comportements dans une entreprise de construction<\/h4>\n\n\n\n<p><strong>Contexte<\/strong> \u2014 Comportements \u00e0 risque r\u00e9currents malgr\u00e9 des formations r\u00e9p\u00e9t\u00e9es.<\/p>\n\n\n\n<p><strong>Approche<\/strong> \u2014 \u00c9valuation de la maturit\u00e9 culturelle, travail sur la coh\u00e9rence manag\u00e9riale, coaching terrain des chefs d&rsquo;\u00e9quipe.<\/p>\n\n\n\n<p><strong>R\u00e9sultat<\/strong> \u2014 \u00c9volution mesurable des comportements, int\u00e9gration du leadership s\u00e9curit\u00e9 dans les pratiques de management.<\/p>\n<\/div><\/div>\n\n<\/div><\/div>\n\n\n<div style=\"height:15px\" aria-hidden=\"true\" class=\"wp-block-spacer\"><\/div>\n\n\n<style>.kb-row-layout-id86_8041e4-04 > .kt-row-column-wrap{align-content:start;}:where(.kb-row-layout-id86_8041e4-04 > .kt-row-column-wrap) > .wp-block-kadence-column{justify-content:start;}.kb-row-layout-id86_8041e4-04 > .kt-row-column-wrap{column-gap:var(--global-kb-gap-md, 2rem);row-gap:var(--global-kb-gap-md, 2rem);padding-top:var(--global-kb-spacing-sm, 1.5rem);padding-right:var(--global-kb-spacing-sm, 1.5rem);padding-bottom:var(--global-kb-spacing-sm, 1.5rem);padding-left:var(--global-kb-spacing-sm, 1.5rem);grid-template-columns:repeat(2, minmax(0, 1fr));}.kb-row-layout-id86_8041e4-04 > .kt-row-layout-overlay{opacity:0.30;}@media all and (max-width: 1024px){.kb-row-layout-id86_8041e4-04 > .kt-row-column-wrap{grid-template-columns:repeat(2, minmax(0, 1fr));}}@media all and (max-width: 767px){.kb-row-layout-id86_8041e4-04 > .kt-row-column-wrap{grid-template-columns:minmax(0, 1fr);}}<\/style><div class=\"kb-row-layout-wrap kb-row-layout-id86_8041e4-04 alignnone wp-block-kadence-rowlayout\"><div class=\"kt-row-column-wrap kt-has-2-columns kt-row-layout-equal kt-tab-layout-inherit kt-mobile-layout-row kt-row-valign-top\">\n<style>.kadence-column86_8035d3-01 > .kt-inside-inner-col,.kadence-column86_8035d3-01 > .kt-inside-inner-col:before{border-top-left-radius:0px;border-top-right-radius:0px;border-bottom-right-radius:0px;border-bottom-left-radius:0px;}.kadence-column86_8035d3-01 > .kt-inside-inner-col{column-gap:var(--global-kb-gap-sm, 1rem);}.kadence-column86_8035d3-01 > .kt-inside-inner-col{flex-direction:column;}.kadence-column86_8035d3-01 > .kt-inside-inner-col > .aligncenter{width:100%;}.kadence-column86_8035d3-01 > .kt-inside-inner-col:before{opacity:0.3;}.kadence-column86_8035d3-01{position:relative;}@media all and (max-width: 1024px){.kadence-column86_8035d3-01 > .kt-inside-inner-col{flex-direction:column;justify-content:center;}}@media all and (max-width: 767px){.kadence-column86_8035d3-01 > .kt-inside-inner-col{flex-direction:column;justify-content:center;}}<\/style>\n<div class=\"wp-block-kadence-column kadence-column86_8035d3-01 tx-case tx-case-3\"><div class=\"kt-inside-inner-col\"><style>.wp-block-kadence-advancedheading.kt-adv-heading86_7091d7-13, .wp-block-kadence-advancedheading.kt-adv-heading86_7091d7-13[data-kb-block=\"kb-adv-heading86_7091d7-13\"]{font-style:normal;}.wp-block-kadence-advancedheading.kt-adv-heading86_7091d7-13 mark.kt-highlight, .wp-block-kadence-advancedheading.kt-adv-heading86_7091d7-13[data-kb-block=\"kb-adv-heading86_7091d7-13\"] mark.kt-highlight{font-style:normal;color:#f76a0c;-webkit-box-decoration-break:clone;box-decoration-break:clone;padding-top:0px;padding-right:0px;padding-bottom:0px;padding-left:0px;}.wp-block-kadence-advancedheading.kt-adv-heading86_7091d7-13 img.kb-inline-image, .wp-block-kadence-advancedheading.kt-adv-heading86_7091d7-13[data-kb-block=\"kb-adv-heading86_7091d7-13\"] img.kb-inline-image{width:150px;vertical-align:baseline;}<\/style>\n<h6 class=\"kt-adv-heading86_7091d7-13 tx-case-tag wp-block-kadence-advancedheading\" data-kb-block=\"kb-adv-heading86_7091d7-13\">Formations &amp; ateliers<\/h6>\n\n\n<style>.wp-block-kadence-advancedheading.kt-adv-heading86_9180d9-5b, .wp-block-kadence-advancedheading.kt-adv-heading86_9180d9-5b[data-kb-block=\"kb-adv-heading86_9180d9-5b\"]{font-style:normal;}.wp-block-kadence-advancedheading.kt-adv-heading86_9180d9-5b mark.kt-highlight, .wp-block-kadence-advancedheading.kt-adv-heading86_9180d9-5b[data-kb-block=\"kb-adv-heading86_9180d9-5b\"] mark.kt-highlight{font-style:normal;color:#f76a0c;-webkit-box-decoration-break:clone;box-decoration-break:clone;padding-top:0px;padding-right:0px;padding-bottom:0px;padding-left:0px;}.wp-block-kadence-advancedheading.kt-adv-heading86_9180d9-5b img.kb-inline-image, .wp-block-kadence-advancedheading.kt-adv-heading86_9180d9-5b[data-kb-block=\"kb-adv-heading86_9180d9-5b\"] img.kb-inline-image{width:150px;vertical-align:baseline;}<\/style>\n<h4 class=\"kt-adv-heading86_9180d9-5b wp-block-kadence-advancedheading\" data-kb-block=\"kb-adv-heading86_9180d9-5b\">Renouvellement des Safety Days en industrie pharmaceutique<\/h4>\n\n\n\n<p><strong>Contexte<\/strong> \u2014 Volont\u00e9 de dynamiser les Safety Days et de renouveler l&rsquo;approche p\u00e9dagogique.<\/p>\n\n\n\n<p><strong>Approche<\/strong> \u2014 Conception de parcours multi-ateliers combinant team-building, sensibilisation et p\u00e9dagogie active.<\/p>\n\n\n\n<p><strong>R\u00e9sultat<\/strong> \u2014 Taux de participation en forte hausse, retours terrain positifs, reconduction sur les sites suivants.<\/p>\n<\/div><\/div>\n\n\n<style>.kadence-column86_b098d4-e0 > .kt-inside-inner-col,.kadence-column86_b098d4-e0 > .kt-inside-inner-col:before{border-top-left-radius:0px;border-top-right-radius:0px;border-bottom-right-radius:0px;border-bottom-left-radius:0px;}.kadence-column86_b098d4-e0 > .kt-inside-inner-col{column-gap:var(--global-kb-gap-sm, 1rem);}.kadence-column86_b098d4-e0 > .kt-inside-inner-col{flex-direction:column;}.kadence-column86_b098d4-e0 > .kt-inside-inner-col > .aligncenter{width:100%;}.kadence-column86_b098d4-e0 > .kt-inside-inner-col:before{opacity:0.3;}.kadence-column86_b098d4-e0{position:relative;}@media all and (max-width: 1024px){.kadence-column86_b098d4-e0 > .kt-inside-inner-col{flex-direction:column;justify-content:center;}}@media all and (max-width: 767px){.kadence-column86_b098d4-e0 > .kt-inside-inner-col{flex-direction:column;justify-content:center;}}<\/style>\n<div class=\"wp-block-kadence-column kadence-column86_b098d4-e0 tx-case tx-case-4\"><div class=\"kt-inside-inner-col\"><style>.wp-block-kadence-advancedheading.kt-adv-heading86_4f2ef5-8f, .wp-block-kadence-advancedheading.kt-adv-heading86_4f2ef5-8f[data-kb-block=\"kb-adv-heading86_4f2ef5-8f\"]{font-style:normal;}.wp-block-kadence-advancedheading.kt-adv-heading86_4f2ef5-8f mark.kt-highlight, .wp-block-kadence-advancedheading.kt-adv-heading86_4f2ef5-8f[data-kb-block=\"kb-adv-heading86_4f2ef5-8f\"] mark.kt-highlight{font-style:normal;color:#f76a0c;-webkit-box-decoration-break:clone;box-decoration-break:clone;padding-top:0px;padding-right:0px;padding-bottom:0px;padding-left:0px;}.wp-block-kadence-advancedheading.kt-adv-heading86_4f2ef5-8f img.kb-inline-image, .wp-block-kadence-advancedheading.kt-adv-heading86_4f2ef5-8f[data-kb-block=\"kb-adv-heading86_4f2ef5-8f\"] img.kb-inline-image{width:150px;vertical-align:baseline;}<\/style>\n<h6 class=\"kt-adv-heading86_4f2ef5-8f tx-case-tag wp-block-kadence-advancedheading\" data-kb-block=\"kb-adv-heading86_4f2ef5-8f\">S\u00e9curit\u00e9 des machines<\/h6>\n\n\n<style>.wp-block-kadence-advancedheading.kt-adv-heading86_1a7a70-0d, .wp-block-kadence-advancedheading.kt-adv-heading86_1a7a70-0d[data-kb-block=\"kb-adv-heading86_1a7a70-0d\"]{font-style:normal;}.wp-block-kadence-advancedheading.kt-adv-heading86_1a7a70-0d mark.kt-highlight, .wp-block-kadence-advancedheading.kt-adv-heading86_1a7a70-0d[data-kb-block=\"kb-adv-heading86_1a7a70-0d\"] mark.kt-highlight{font-style:normal;color:#f76a0c;-webkit-box-decoration-break:clone;box-decoration-break:clone;padding-top:0px;padding-right:0px;padding-bottom:0px;padding-left:0px;}.wp-block-kadence-advancedheading.kt-adv-heading86_1a7a70-0d img.kb-inline-image, .wp-block-kadence-advancedheading.kt-adv-heading86_1a7a70-0d[data-kb-block=\"kb-adv-heading86_1a7a70-0d\"] img.kb-inline-image{width:150px;vertical-align:baseline;}<\/style>\n<h4 class=\"kt-adv-heading86_1a7a70-0d wp-block-kadence-advancedheading\" data-kb-block=\"kb-adv-heading86_1a7a70-0d\">Modification d&rsquo;une ligne de production agro-alimentaire<\/h4>\n\n\n\n<p><strong>Contexte<\/strong> \u2014 Modification majeure dans un environnement soumis \u00e0 des contraintes d&rsquo;hygi\u00e8ne et de s\u00e9curit\u00e9.<\/p>\n\n\n\n<p><strong>Approche<\/strong> \u2014 Interface entre bureau d&rsquo;\u00e9tudes, exploitation et conseiller en pr\u00e9vention. Analyse de risques int\u00e9gr\u00e9e au planning projet.<\/p>\n\n\n\n<p><strong>R\u00e9sultat<\/strong> \u2014 Mise en service dans les d\u00e9lais avec un cadre de s\u00e9curit\u00e9 valid\u00e9 par l&rsquo;ensemble des parties prenantes.<\/p>\n<\/div><\/div>\n\n<\/div><\/div>","protected":false},"excerpt":{"rendered":"<p>\/\/ projets &amp; exp\u00e9riences Des interventions concr\u00e8tes, adapt\u00e9es aux contextes Les projets pr\u00e9sent\u00e9s sont volontairement anonymis\u00e9s. Ils illustrent des situations typiques rencontr\u00e9es sur le terrain. Secteurs d&rsquo;intervention : Grands chantiers b\u00e2timent et g\u00e9nie civil \u00b7 Industrie pharmaceutique \u00b7 Agro-alimentaire \u00b7 Sid\u00e9rurgie et chimie \u00b7 Administrations publiques \u00b7 Enseignement Pr\u00e9vention multi-contextes Relance d&rsquo;une dynamique de pr\u00e9vention&#8230;<\/p>\n","protected":false},"author":2,"featured_media":0,"parent":0,"menu_order":0,"comment_status":"closed","ping_status":"closed","template":"","meta":{"_kad_post_transparent":"","_kad_post_title":"hide","_kad_post_layout":"normal","_kad_post_sidebar_id":"","_kad_post_content_style":"","_kad_post_vertical_padding":"","_kad_post_feature":"","_kad_post_feature_position":"","_kad_post_header":false,"_kad_post_footer":false,"_kad_post_classname":"","footnotes":""},"class_list":["post-86","page","type-page","status-publish","hentry"],"_links":{"self":[{"href":"https:\/\/tetraox.com\/index.php\/wp-json\/wp\/v2\/pages\/86","targetHints":{"allow":["GET"]}}],"collection":[{"href":"https:\/\/tetraox.com\/index.php\/wp-json\/wp\/v2\/pages"}],"about":[{"href":"https:\/\/tetraox.com\/index.php\/wp-json\/wp\/v2\/types\/page"}],"author":[{"embeddable":true,"href":"https:\/\/tetraox.com\/index.php\/wp-json\/wp\/v2\/users\/2"}],"replies":[{"embeddable":true,"href":"https:\/\/tetraox.com\/index.php\/wp-json\/wp\/v2\/comments?post=86"}],"version-history":[{"count":2,"href":"https:\/\/tetraox.com\/index.php\/wp-json\/wp\/v2\/pages\/86\/revisions"}],"predecessor-version":[{"id":140,"href":"https:\/\/tetraox.com\/index.php\/wp-json\/wp\/v2\/pages\/86\/revisions\/140"}],"wp:attachment":[{"href":"https:\/\/tetraox.com\/index.php\/wp-json\/wp\/v2\/media?parent=86"}],"curies":[{"name":"wp","href":"https:\/\/api.w.org\/{rel}","templated":true}]}}