{"id":80,"date":"2026-03-11T17:08:29","date_gmt":"2026-03-11T16:08:29","guid":{"rendered":"https:\/\/tetraox.com\/?page_id=80"},"modified":"2026-03-12T10:53:28","modified_gmt":"2026-03-12T09:53:28","slug":"a-propos","status":"publish","type":"page","link":"https:\/\/tetraox.com\/index.php\/a-propos\/","title":{"rendered":"A propos"},"content":{"rendered":"<style>.kb-row-layout-id80_aee1a5-ca > .kt-row-column-wrap{align-content:start;}:where(.kb-row-layout-id80_aee1a5-ca > .kt-row-column-wrap) > .wp-block-kadence-column{justify-content:start;}.kb-row-layout-id80_aee1a5-ca > .kt-row-column-wrap{column-gap:var(--global-kb-gap-md, 2rem);row-gap:var(--global-kb-gap-md, 2rem);padding-top:var(--global-kb-spacing-sm, 1.5rem);padding-right:var(--global-kb-spacing-sm, 1.5rem);padding-bottom:var(--global-kb-spacing-sm, 1.5rem);padding-left:var(--global-kb-spacing-sm, 1.5rem);grid-template-columns:minmax(0, 1fr);}.kb-row-layout-id80_aee1a5-ca > .kt-row-layout-overlay{opacity:0.30;}@media all and (max-width: 1024px){.kb-row-layout-id80_aee1a5-ca > .kt-row-column-wrap{grid-template-columns:minmax(0, 1fr);}}@media all and (max-width: 767px){.kb-row-layout-id80_aee1a5-ca > .kt-row-column-wrap{grid-template-columns:minmax(0, 1fr);}}<\/style><div class=\"kb-row-layout-wrap kb-row-layout-id80_aee1a5-ca alignnone tx-bg-alt wp-block-kadence-rowlayout\"><div class=\"kt-row-column-wrap kt-has-1-columns kt-row-layout-equal kt-tab-layout-inherit kt-mobile-layout-row kt-row-valign-top\">\n<style>.kadence-column80_4fa6bf-a7 > .kt-inside-inner-col,.kadence-column80_4fa6bf-a7 > .kt-inside-inner-col:before{border-top-left-radius:0px;border-top-right-radius:0px;border-bottom-right-radius:0px;border-bottom-left-radius:0px;}.kadence-column80_4fa6bf-a7 > .kt-inside-inner-col{column-gap:var(--global-kb-gap-sm, 1rem);}.kadence-column80_4fa6bf-a7 > .kt-inside-inner-col{flex-direction:column;}.kadence-column80_4fa6bf-a7 > .kt-inside-inner-col > .aligncenter{width:100%;}.kadence-column80_4fa6bf-a7 > .kt-inside-inner-col:before{opacity:0.3;}.kadence-column80_4fa6bf-a7{position:relative;}@media all and (max-width: 1024px){.kadence-column80_4fa6bf-a7 > .kt-inside-inner-col{flex-direction:column;justify-content:center;}}@media all and (max-width: 767px){.kadence-column80_4fa6bf-a7 > .kt-inside-inner-col{flex-direction:column;justify-content:center;}}<\/style>\n<div class=\"wp-block-kadence-column kadence-column80_4fa6bf-a7\"><div class=\"kt-inside-inner-col\"><style>.wp-block-kadence-advancedheading.kt-adv-heading80_e79384-4a, .wp-block-kadence-advancedheading.kt-adv-heading80_e79384-4a[data-kb-block=\"kb-adv-heading80_e79384-4a\"]{font-style:normal;}.wp-block-kadence-advancedheading.kt-adv-heading80_e79384-4a mark.kt-highlight, .wp-block-kadence-advancedheading.kt-adv-heading80_e79384-4a[data-kb-block=\"kb-adv-heading80_e79384-4a\"] mark.kt-highlight{font-style:normal;color:#f76a0c;-webkit-box-decoration-break:clone;box-decoration-break:clone;padding-top:0px;padding-right:0px;padding-bottom:0px;padding-left:0px;}.wp-block-kadence-advancedheading.kt-adv-heading80_e79384-4a img.kb-inline-image, .wp-block-kadence-advancedheading.kt-adv-heading80_e79384-4a[data-kb-block=\"kb-adv-heading80_e79384-4a\"] img.kb-inline-image{width:150px;vertical-align:baseline;}<\/style>\n<h6 class=\"kt-adv-heading80_e79384-4a tx-label wp-block-kadence-advancedheading\" data-kb-block=\"kb-adv-heading80_e79384-4a\">\/\/ \u00e0 propos<\/h6>\n\n\n<style>.wp-block-kadence-advancedheading.kt-adv-heading80_8064bb-2b, .wp-block-kadence-advancedheading.kt-adv-heading80_8064bb-2b[data-kb-block=\"kb-adv-heading80_8064bb-2b\"]{font-style:normal;}.wp-block-kadence-advancedheading.kt-adv-heading80_8064bb-2b mark.kt-highlight, .wp-block-kadence-advancedheading.kt-adv-heading80_8064bb-2b[data-kb-block=\"kb-adv-heading80_8064bb-2b\"] mark.kt-highlight{font-style:normal;color:#f76a0c;-webkit-box-decoration-break:clone;box-decoration-break:clone;padding-top:0px;padding-right:0px;padding-bottom:0px;padding-left:0px;}.wp-block-kadence-advancedheading.kt-adv-heading80_8064bb-2b img.kb-inline-image, .wp-block-kadence-advancedheading.kt-adv-heading80_8064bb-2b[data-kb-block=\"kb-adv-heading80_8064bb-2b\"] img.kb-inline-image{width:150px;vertical-align:baseline;}<\/style>\n<h2 class=\"kt-adv-heading80_8064bb-2b wp-block-kadence-advancedheading\" data-kb-block=\"kb-adv-heading80_8064bb-2b\">Un parcours terrain, vari\u00e9 et exigeant<\/h2>\n\n\n<style>.wp-block-kadence-advancedheading.kt-adv-heading80_b34c24-4a, .wp-block-kadence-advancedheading.kt-adv-heading80_b34c24-4a[data-kb-block=\"kb-adv-heading80_b34c24-4a\"]{font-style:normal;}.wp-block-kadence-advancedheading.kt-adv-heading80_b34c24-4a mark.kt-highlight, .wp-block-kadence-advancedheading.kt-adv-heading80_b34c24-4a[data-kb-block=\"kb-adv-heading80_b34c24-4a\"] mark.kt-highlight{font-style:normal;color:#f76a0c;-webkit-box-decoration-break:clone;box-decoration-break:clone;padding-top:0px;padding-right:0px;padding-bottom:0px;padding-left:0px;}.wp-block-kadence-advancedheading.kt-adv-heading80_b34c24-4a img.kb-inline-image, .wp-block-kadence-advancedheading.kt-adv-heading80_b34c24-4a[data-kb-block=\"kb-adv-heading80_b34c24-4a\"] img.kb-inline-image{width:150px;vertical-align:baseline;}<\/style>\n<p class=\"kt-adv-heading80_b34c24-4a wp-block-kadence-advancedheading\" data-kb-block=\"kb-adv-heading80_b34c24-4a\">De la finance \u00e0 la construction, des grands chantiers \u00e0 l&rsquo;industrie lourde, le fil conducteur reste le m\u00eame : comprendre le terrain pour agir utilement.<\/p>\n\n\n<style>.wp-block-kadence-advancedheading.kt-adv-heading80_9bdadf-82, .wp-block-kadence-advancedheading.kt-adv-heading80_9bdadf-82[data-kb-block=\"kb-adv-heading80_9bdadf-82\"]{font-style:normal;}.wp-block-kadence-advancedheading.kt-adv-heading80_9bdadf-82 mark.kt-highlight, .wp-block-kadence-advancedheading.kt-adv-heading80_9bdadf-82[data-kb-block=\"kb-adv-heading80_9bdadf-82\"] mark.kt-highlight{font-style:normal;color:#f76a0c;-webkit-box-decoration-break:clone;box-decoration-break:clone;padding-top:0px;padding-right:0px;padding-bottom:0px;padding-left:0px;}.wp-block-kadence-advancedheading.kt-adv-heading80_9bdadf-82 img.kb-inline-image, .wp-block-kadence-advancedheading.kt-adv-heading80_9bdadf-82[data-kb-block=\"kb-adv-heading80_9bdadf-82\"] img.kb-inline-image{width:150px;vertical-align:baseline;}<\/style>\n<p class=\"kt-adv-heading80_9bdadf-82 wp-block-kadence-advancedheading\" data-kb-block=\"kb-adv-heading80_9bdadf-82\">Le parcours \u00e0 l&rsquo;origine de TETRAOX est marqu\u00e9 par des environnements exigeants et des responsabilit\u00e9s concr\u00e8tes. Chaque \u00e9tape a renforc\u00e9 une conviction : la pr\u00e9vention efficace se construit sur le terrain, avec les acteurs concern\u00e9s.<\/p>\n\n\n\n<hr class=\"wp-block-separator has-alpha-channel-opacity\"\/>\n\n\n<style>.kb-row-layout-id80_696a64-67 > .kt-row-column-wrap{align-content:start;}:where(.kb-row-layout-id80_696a64-67 > .kt-row-column-wrap) > .wp-block-kadence-column{justify-content:start;}.kb-row-layout-id80_696a64-67 > .kt-row-column-wrap{column-gap:var(--global-kb-gap-md, 2rem);row-gap:var(--global-kb-gap-md, 2rem);padding-top:var(--global-kb-spacing-sm, 1.5rem);padding-bottom:var(--global-kb-spacing-sm, 1.5rem);grid-template-columns:minmax(0, calc(35% - ((var(--global-kb-gap-md, 2rem) * 1 )\/2)))minmax(0, calc(65% - ((var(--global-kb-gap-md, 2rem) * 1 )\/2)));}.kb-row-layout-id80_696a64-67 > .kt-row-layout-overlay{opacity:0.30;}@media all and (max-width: 1024px){.kb-row-layout-id80_696a64-67 > .kt-row-column-wrap{grid-template-columns:repeat(2, minmax(0, 1fr));}}@media all and (max-width: 767px){.kb-row-layout-id80_696a64-67 > .kt-row-column-wrap{grid-template-columns:minmax(0, 1fr);}}<\/style><div class=\"kb-row-layout-wrap kb-row-layout-id80_696a64-67 alignnone wp-block-kadence-rowlayout\"><div class=\"kt-row-column-wrap kt-has-2-columns kt-row-layout-equal kt-tab-layout-inherit kt-mobile-layout-row kt-row-valign-top\">\n<style>.kadence-column80_cdefc2-1c > .kt-inside-inner-col,.kadence-column80_cdefc2-1c > .kt-inside-inner-col:before{border-top-left-radius:0px;border-top-right-radius:0px;border-bottom-right-radius:0px;border-bottom-left-radius:0px;}.kadence-column80_cdefc2-1c > .kt-inside-inner-col{column-gap:var(--global-kb-gap-sm, 1rem);}.kadence-column80_cdefc2-1c > .kt-inside-inner-col{flex-direction:column;}.kadence-column80_cdefc2-1c > .kt-inside-inner-col > .aligncenter{width:100%;}.kadence-column80_cdefc2-1c > .kt-inside-inner-col:before{opacity:0.3;}.kadence-column80_cdefc2-1c{position:relative;}@media all and (max-width: 1024px){.kadence-column80_cdefc2-1c > .kt-inside-inner-col{flex-direction:column;justify-content:center;}}@media all and (max-width: 767px){.kadence-column80_cdefc2-1c > .kt-inside-inner-col{flex-direction:column;justify-content:center;}}<\/style>\n<div class=\"wp-block-kadence-column kadence-column80_cdefc2-1c\"><div class=\"kt-inside-inner-col\">\n<figure class=\"wp-block-image size-large is-resized\"><img loading=\"lazy\" decoding=\"async\" width=\"1024\" height=\"1024\" src=\"http:\/\/tetraox.com\/wp-content\/uploads\/2026\/03\/scene_interior_of_a_large_industrial_ha-Qwen-Image-2512-r6-q24-1024x1024.png\" alt=\"\" class=\"wp-image-112\" style=\"width:336px;height:auto\" srcset=\"https:\/\/tetraox.com\/wp-content\/uploads\/2026\/03\/scene_interior_of_a_large_industrial_ha-Qwen-Image-2512-r6-q24-1024x1024.png 1024w, https:\/\/tetraox.com\/wp-content\/uploads\/2026\/03\/scene_interior_of_a_large_industrial_ha-Qwen-Image-2512-r6-q24-300x300.png 300w, https:\/\/tetraox.com\/wp-content\/uploads\/2026\/03\/scene_interior_of_a_large_industrial_ha-Qwen-Image-2512-r6-q24-150x150.png 150w, https:\/\/tetraox.com\/wp-content\/uploads\/2026\/03\/scene_interior_of_a_large_industrial_ha-Qwen-Image-2512-r6-q24-768x768.png 768w, https:\/\/tetraox.com\/wp-content\/uploads\/2026\/03\/scene_interior_of_a_large_industrial_ha-Qwen-Image-2512-r6-q24.png 1328w\" sizes=\"auto, (max-width: 1024px) 100vw, 1024px\" \/><\/figure>\n<\/div><\/div>\n\n\n<style>.kadence-column80_0a4b14-48 > .kt-inside-inner-col,.kadence-column80_0a4b14-48 > .kt-inside-inner-col:before{border-top-left-radius:0px;border-top-right-radius:0px;border-bottom-right-radius:0px;border-bottom-left-radius:0px;}.kadence-column80_0a4b14-48 > .kt-inside-inner-col{column-gap:var(--global-kb-gap-sm, 1rem);}.kadence-column80_0a4b14-48 > .kt-inside-inner-col{flex-direction:column;}.kadence-column80_0a4b14-48 > .kt-inside-inner-col > .aligncenter{width:100%;}.kadence-column80_0a4b14-48 > .kt-inside-inner-col:before{opacity:0.3;}.kadence-column80_0a4b14-48{position:relative;}@media all and (max-width: 1024px){.kadence-column80_0a4b14-48 > .kt-inside-inner-col{flex-direction:column;justify-content:center;}}@media all and (max-width: 767px){.kadence-column80_0a4b14-48 > .kt-inside-inner-col{flex-direction:column;justify-content:center;}}<\/style>\n<div class=\"wp-block-kadence-column kadence-column80_0a4b14-48\"><div class=\"kt-inside-inner-col\"><style>.wp-block-kadence-advancedheading.kt-adv-heading80_e1a949-5f, .wp-block-kadence-advancedheading.kt-adv-heading80_e1a949-5f[data-kb-block=\"kb-adv-heading80_e1a949-5f\"]{font-style:normal;}.wp-block-kadence-advancedheading.kt-adv-heading80_e1a949-5f mark.kt-highlight, .wp-block-kadence-advancedheading.kt-adv-heading80_e1a949-5f[data-kb-block=\"kb-adv-heading80_e1a949-5f\"] mark.kt-highlight{font-style:normal;color:#f76a0c;-webkit-box-decoration-break:clone;box-decoration-break:clone;padding-top:0px;padding-right:0px;padding-bottom:0px;padding-left:0px;}.wp-block-kadence-advancedheading.kt-adv-heading80_e1a949-5f img.kb-inline-image, .wp-block-kadence-advancedheading.kt-adv-heading80_e1a949-5f[data-kb-block=\"kb-adv-heading80_e1a949-5f\"] img.kb-inline-image{width:150px;vertical-align:baseline;}<\/style>\n<h3 class=\"kt-adv-heading80_e1a949-5f wp-block-kadence-advancedheading\" data-kb-block=\"kb-adv-heading80_e1a949-5f\">Une mani\u00e8re de faire assum\u00e9e<\/h3>\n\n\n<style>.wp-block-kadence-advancedheading.kt-adv-heading80_6fc69f-05, .wp-block-kadence-advancedheading.kt-adv-heading80_6fc69f-05[data-kb-block=\"kb-adv-heading80_6fc69f-05\"]{font-style:normal;}.wp-block-kadence-advancedheading.kt-adv-heading80_6fc69f-05 mark.kt-highlight, .wp-block-kadence-advancedheading.kt-adv-heading80_6fc69f-05[data-kb-block=\"kb-adv-heading80_6fc69f-05\"] mark.kt-highlight{font-style:normal;color:#f76a0c;-webkit-box-decoration-break:clone;box-decoration-break:clone;padding-top:0px;padding-right:0px;padding-bottom:0px;padding-left:0px;}.wp-block-kadence-advancedheading.kt-adv-heading80_6fc69f-05 img.kb-inline-image, .wp-block-kadence-advancedheading.kt-adv-heading80_6fc69f-05[data-kb-block=\"kb-adv-heading80_6fc69f-05\"] img.kb-inline-image{width:150px;vertical-align:baseline;}<\/style>\n<p class=\"kt-adv-heading80_6fc69f-05 wp-block-kadence-advancedheading\" data-kb-block=\"kb-adv-heading80_6fc69f-05\"><strong>S\u00e9rieux sans se prendre au s\u00e9rieux. Rigueur sans rigidit\u00e9.<\/strong><\/p>\n\n\n<style>.wp-block-kadence-advancedheading.kt-adv-heading80_e8d810-6b, .wp-block-kadence-advancedheading.kt-adv-heading80_e8d810-6b[data-kb-block=\"kb-adv-heading80_e8d810-6b\"]{font-style:normal;}.wp-block-kadence-advancedheading.kt-adv-heading80_e8d810-6b mark.kt-highlight, .wp-block-kadence-advancedheading.kt-adv-heading80_e8d810-6b[data-kb-block=\"kb-adv-heading80_e8d810-6b\"] mark.kt-highlight{font-style:normal;color:#f76a0c;-webkit-box-decoration-break:clone;box-decoration-break:clone;padding-top:0px;padding-right:0px;padding-bottom:0px;padding-left:0px;}.wp-block-kadence-advancedheading.kt-adv-heading80_e8d810-6b img.kb-inline-image, .wp-block-kadence-advancedheading.kt-adv-heading80_e8d810-6b[data-kb-block=\"kb-adv-heading80_e8d810-6b\"] img.kb-inline-image{width:150px;vertical-align:baseline;}<\/style>\n<p class=\"kt-adv-heading80_e8d810-6b wp-block-kadence-advancedheading\" data-kb-block=\"kb-adv-heading80_e8d810-6b\">L&rsquo;\u00e9coute, l&rsquo;observation et le dialogue constituent la base de chaque intervention, avec un ancrage solide dans la r\u00e9alit\u00e9 op\u00e9rationnelle.<\/p>\n\n\n<style>.wp-block-kadence-advancedheading.kt-adv-heading80_615384-03, .wp-block-kadence-advancedheading.kt-adv-heading80_615384-03[data-kb-block=\"kb-adv-heading80_615384-03\"]{font-style:normal;}.wp-block-kadence-advancedheading.kt-adv-heading80_615384-03 mark.kt-highlight, .wp-block-kadence-advancedheading.kt-adv-heading80_615384-03[data-kb-block=\"kb-adv-heading80_615384-03\"] mark.kt-highlight{font-style:normal;color:#f76a0c;-webkit-box-decoration-break:clone;box-decoration-break:clone;padding-top:0px;padding-right:0px;padding-bottom:0px;padding-left:0px;}.wp-block-kadence-advancedheading.kt-adv-heading80_615384-03 img.kb-inline-image, .wp-block-kadence-advancedheading.kt-adv-heading80_615384-03[data-kb-block=\"kb-adv-heading80_615384-03\"] img.kb-inline-image{width:150px;vertical-align:baseline;}<\/style>\n<h3 class=\"kt-adv-heading80_615384-03 wp-block-kadence-advancedheading\" data-kb-block=\"kb-adv-heading80_615384-03\">Le cadre l\u00e9gal comme boussole<\/h3>\n\n\n<style>.wp-block-kadence-advancedheading.kt-adv-heading80_1dade9-1f, .wp-block-kadence-advancedheading.kt-adv-heading80_1dade9-1f[data-kb-block=\"kb-adv-heading80_1dade9-1f\"]{font-style:normal;}.wp-block-kadence-advancedheading.kt-adv-heading80_1dade9-1f mark.kt-highlight, .wp-block-kadence-advancedheading.kt-adv-heading80_1dade9-1f[data-kb-block=\"kb-adv-heading80_1dade9-1f\"] mark.kt-highlight{font-style:normal;color:#f76a0c;-webkit-box-decoration-break:clone;box-decoration-break:clone;padding-top:0px;padding-right:0px;padding-bottom:0px;padding-left:0px;}.wp-block-kadence-advancedheading.kt-adv-heading80_1dade9-1f img.kb-inline-image, .wp-block-kadence-advancedheading.kt-adv-heading80_1dade9-1f[data-kb-block=\"kb-adv-heading80_1dade9-1f\"] img.kb-inline-image{width:150px;vertical-align:baseline;}<\/style>\n<p class=\"kt-adv-heading80_1dade9-1f wp-block-kadence-advancedheading\" data-kb-block=\"kb-adv-heading80_1dade9-1f\">Le cadre l\u00e9gal en mati\u00e8re de bien-\u00eatre au travail est une r\u00e9f\u00e9rence incontournable. Son utilit\u00e9 ne r\u00e9side pas dans son \u00e9num\u00e9ration, mais dans sa traduction en d\u00e9cisions concr\u00e8tes pour les organisations, les managers et les \u00e9quipes terrain.<\/p>\n<\/div><\/div>\n\n<\/div><\/div>\n\n<style>.kb-row-layout-id80_2c25cc-b2 > .kt-row-column-wrap{align-content:start;}:where(.kb-row-layout-id80_2c25cc-b2 > .kt-row-column-wrap) > .wp-block-kadence-column{justify-content:start;}.kb-row-layout-id80_2c25cc-b2 > .kt-row-column-wrap{column-gap:var(--global-kb-gap-md, 2rem);row-gap:var(--global-kb-gap-md, 2rem);padding-top:var(--global-kb-spacing-sm, 1.5rem);padding-bottom:var(--global-kb-spacing-sm, 1.5rem);grid-template-columns:minmax(0, 1fr);}.kb-row-layout-id80_2c25cc-b2 > .kt-row-layout-overlay{opacity:0.30;}@media all and (max-width: 1024px){.kb-row-layout-id80_2c25cc-b2 > .kt-row-column-wrap{grid-template-columns:minmax(0, 1fr);}}@media all and (max-width: 767px){.kb-row-layout-id80_2c25cc-b2 > .kt-row-column-wrap{grid-template-columns:minmax(0, 1fr);}}<\/style><div class=\"kb-row-layout-wrap kb-row-layout-id80_2c25cc-b2 alignnone tx-phrase-socle wp-block-kadence-rowlayout\"><div class=\"kt-row-column-wrap kt-has-1-columns kt-row-layout-equal kt-tab-layout-inherit kt-mobile-layout-row kt-row-valign-top\">\n<style>.kadence-column80_dcea17-b9 > .kt-inside-inner-col,.kadence-column80_dcea17-b9 > .kt-inside-inner-col:before{border-top-left-radius:0px;border-top-right-radius:0px;border-bottom-right-radius:0px;border-bottom-left-radius:0px;}.kadence-column80_dcea17-b9 > .kt-inside-inner-col{column-gap:var(--global-kb-gap-sm, 1rem);}.kadence-column80_dcea17-b9 > .kt-inside-inner-col{flex-direction:column;}.kadence-column80_dcea17-b9 > .kt-inside-inner-col > .aligncenter{width:100%;}.kadence-column80_dcea17-b9 > .kt-inside-inner-col:before{opacity:0.3;}.kadence-column80_dcea17-b9{position:relative;}@media all and (max-width: 1024px){.kadence-column80_dcea17-b9 > .kt-inside-inner-col{flex-direction:column;justify-content:center;}}@media all and (max-width: 767px){.kadence-column80_dcea17-b9 > .kt-inside-inner-col{flex-direction:column;justify-content:center;}}<\/style>\n<div class=\"wp-block-kadence-column kadence-column80_dcea17-b9\"><div class=\"kt-inside-inner-col\"><style>.wp-block-kadence-advancedheading.kt-adv-heading80_fea01e-a5, .wp-block-kadence-advancedheading.kt-adv-heading80_fea01e-a5[data-kb-block=\"kb-adv-heading80_fea01e-a5\"]{font-size:var(--global-kb-font-size-md, 1.25rem);font-style:normal;}.wp-block-kadence-advancedheading.kt-adv-heading80_fea01e-a5 mark.kt-highlight, .wp-block-kadence-advancedheading.kt-adv-heading80_fea01e-a5[data-kb-block=\"kb-adv-heading80_fea01e-a5\"] mark.kt-highlight{font-style:normal;color:#f76a0c;-webkit-box-decoration-break:clone;box-decoration-break:clone;padding-top:0px;padding-right:0px;padding-bottom:0px;padding-left:0px;}.wp-block-kadence-advancedheading.kt-adv-heading80_fea01e-a5 img.kb-inline-image, .wp-block-kadence-advancedheading.kt-adv-heading80_fea01e-a5[data-kb-block=\"kb-adv-heading80_fea01e-a5\"] img.kb-inline-image{width:150px;vertical-align:baseline;}<\/style>\n<p class=\"kt-adv-heading80_fea01e-a5 wp-block-kadence-advancedheading\" data-kb-block=\"kb-adv-heading80_fea01e-a5\">TETRAOX accompagne les organisations en pr\u00e9vention et s\u00e9curit\u00e9 au travail, en faisant le lien entre cadre l\u00e9gal, r\u00e9alit\u00e9 du terrain et \u00e9volution des pratiques.<\/p>\n<\/div><\/div>\n\n<\/div><\/div><\/div><\/div>\n\n<\/div><\/div>\n\n\n<p><\/p>\n","protected":false},"excerpt":{"rendered":"<p>\/\/ \u00e0 propos Un parcours terrain, vari\u00e9 et exigeant De la finance \u00e0 la construction, des grands chantiers \u00e0 l&rsquo;industrie lourde, le fil conducteur reste le m\u00eame : comprendre le terrain pour agir utilement. Le parcours \u00e0 l&rsquo;origine de TETRAOX est marqu\u00e9 par des environnements exigeants et des responsabilit\u00e9s concr\u00e8tes. Chaque \u00e9tape a renforc\u00e9 une&#8230;<\/p>\n","protected":false},"author":2,"featured_media":0,"parent":0,"menu_order":0,"comment_status":"closed","ping_status":"closed","template":"","meta":{"_kad_post_transparent":"","_kad_post_title":"hide","_kad_post_layout":"normal","_kad_post_sidebar_id":"","_kad_post_content_style":"","_kad_post_vertical_padding":"","_kad_post_feature":"","_kad_post_feature_position":"","_kad_post_header":false,"_kad_post_footer":false,"_kad_post_classname":"","footnotes":""},"class_list":["post-80","page","type-page","status-publish","hentry"],"_links":{"self":[{"href":"https:\/\/tetraox.com\/index.php\/wp-json\/wp\/v2\/pages\/80","targetHints":{"allow":["GET"]}}],"collection":[{"href":"https:\/\/tetraox.com\/index.php\/wp-json\/wp\/v2\/pages"}],"about":[{"href":"https:\/\/tetraox.com\/index.php\/wp-json\/wp\/v2\/types\/page"}],"author":[{"embeddable":true,"href":"https:\/\/tetraox.com\/index.php\/wp-json\/wp\/v2\/users\/2"}],"replies":[{"embeddable":true,"href":"https:\/\/tetraox.com\/index.php\/wp-json\/wp\/v2\/comments?post=80"}],"version-history":[{"count":12,"href":"https:\/\/tetraox.com\/index.php\/wp-json\/wp\/v2\/pages\/80\/revisions"}],"predecessor-version":[{"id":181,"href":"https:\/\/tetraox.com\/index.php\/wp-json\/wp\/v2\/pages\/80\/revisions\/181"}],"wp:attachment":[{"href":"https:\/\/tetraox.com\/index.php\/wp-json\/wp\/v2\/media?parent=80"}],"curies":[{"name":"wp","href":"https:\/\/api.w.org\/{rel}","templated":true}]}}